{"id":1184,"date":"2022-11-22T16:56:13","date_gmt":"2022-11-22T16:56:13","guid":{"rendered":"http:\/\/mtvd.pt\/contactos\/"},"modified":"2023-10-30T10:08:35","modified_gmt":"2023-10-30T10:08:35","slug":"contactos","status":"publish","type":"page","link":"https:\/\/mtvd.pt\/es\/contactos\/","title":{"rendered":"Contacto"},"content":{"rendered":"<p>[et_pb_section fb_built=\u00bb1&#8243; _builder_version=\u00bb4.18.0&#8243; _module_preset=\u00bbdefault\u00bb da_disable_devices=\u00bboff|off|off\u00bb global_colors_info=\u00bb{}\u00bb da_is_popup=\u00bboff\u00bb da_exit_intent=\u00bboff\u00bb da_has_close=\u00bbon\u00bb da_alt_close=\u00bboff\u00bb da_dark_close=\u00bboff\u00bb da_not_modal=\u00bbon\u00bb da_is_singular=\u00bboff\u00bb da_with_loader=\u00bboff\u00bb da_has_shadow=\u00bbon\u00bb][et_pb_row column_structure=\u00bb2_3,1_3&#8243; use_custom_gutter=\u00bbon\u00bb gutter_width=\u00bb1&#8243; _builder_version=\u00bb4.18.0&#8243; _module_preset=\u00bbdefault\u00bb custom_padding=\u00bb0px||0px||true|false\u00bb global_colors_info=\u00bb{}\u00bb][et_pb_column type=\u00bb2_3&#8243; _builder_version=\u00bb4.18.0&#8243; _module_preset=\u00bbdefault\u00bb global_colors_info=\u00bb{}\u00bb][dsm_embed_google_map address=\u00bbMTVD &#8211; Manuten\u00e7\u00e3o e Tecnologia Industrial, Lda.\u00bb zoom=\u00bb12&#8243; _builder_version=\u00bb4.18.0&#8243; _module_preset=\u00bbdefault\u00bb height=\u00bb650px\u00bb height_tablet=\u00bb650px\u00bb height_phone=\u00bb650px\u00bb height_last_edited=\u00bbon|phone\u00bb global_colors_info=\u00bb{}\u00bb][\/dsm_embed_google_map][\/et_pb_column][et_pb_column type=\u00bb1_3&#8243; _builder_version=\u00bb4.18.0&#8243; _module_preset=\u00bbdefault\u00bb background_color=\u00bb#FFFFFF\u00bb vertical_offset=\u00bb85px\u00bb horizontal_offset=\u00bb-10%\u00bb position_origin_a_tablet=\u00bb\u00bb position_origin_a_phone=\u00bb\u00bb position_origin_a_last_edited=\u00bbon|phone\u00bb position_origin_f_tablet=\u00bb\u00bb position_origin_f_phone=\u00bb\u00bb position_origin_f_last_edited=\u00bbon|phone\u00bb position_origin_r_tablet=\u00bb\u00bb position_origin_r_phone=\u00bb\u00bb position_origin_r_last_edited=\u00bbon|phone\u00bb custom_padding=\u00bb5%|5%|5%|5%|true|true\u00bb custom_padding_tablet=\u00bb5%|5%|5%|5%|true|true\u00bb custom_padding_phone=\u00bb15%|5%|15%|5%|true|true\u00bb custom_padding_last_edited=\u00bbon|phone\u00bb positioning_tablet=\u00bb\u00bb positioning_phone=\u00bbnone\u00bb positioning_last_edited=\u00bbon|phone\u00bb global_colors_info=\u00bb{}\u00bb][et_pb_post_title meta=\u00bboff\u00bb featured_image=\u00bboff\u00bb _builder_version=\u00bb4.18.0&#8243; _module_preset=\u00bbdefault\u00bb title_font_size=\u00bb46px\u00bb global_colors_info=\u00bb{}\u00bb][\/et_pb_post_title][et_pb_divider show_divider=\u00bboff\u00bb _builder_version=\u00bb4.18.0&#8243; _module_preset=\u00bbdefault\u00bb background_color=\u00bb#3C76FC\u00bb width=\u00bb90px\u00bb module_alignment=\u00bbleft\u00bb height=\u00bb5px\u00bb custom_margin=\u00bb30px||30px||true|false\u00bb custom_padding=\u00bb||||true|false\u00bb global_colors_info=\u00bb{}\u00bb][\/et_pb_divider][et_pb_blurb title=\u00bb229 279 720&#8243; use_icon=\u00bbon\u00bb font_icon=\u00bb&#xe090;||divi||400&#8243; icon_placement=\u00bbleft\u00bb image_icon_width=\u00bb30px\u00bb content_max_width=\u00bb100%\u00bb _builder_version=\u00bb4.18.0&#8243; _module_preset=\u00bbdefault\u00bb body_text_align=\u00bbjustify\u00bb image_icon_custom_margin=\u00bb5px||||false|false\u00bb width=\u00bb100%\u00bb max_width=\u00bb100%\u00bb custom_margin=\u00bb1%||1%||true|true\u00bb custom_padding=\u00bb3%|3%|3%|3%|true|true\u00bb custom_css_blurb_title=\u00bbmargin-top: 10px\u00bb border_width_all=\u00bb1px\u00bb border_color_all=\u00bb#D9E5F9&#8243; global_colors_info=\u00bb{}\u00bb][\/et_pb_blurb][et_pb_blurb title=\u00bbgeral@mtvd.pt\u00bb use_icon=\u00bbon\u00bb font_icon=\u00bb&#xf0e0;||fa||900&#8243; icon_placement=\u00bbleft\u00bb image_icon_width=\u00bb30px\u00bb content_max_width=\u00bb100%\u00bb _builder_version=\u00bb4.18.0&#8243; _module_preset=\u00bbdefault\u00bb body_text_align=\u00bbjustify\u00bb image_icon_custom_margin=\u00bb5px||||false|false\u00bb width=\u00bb100%\u00bb max_width=\u00bb100%\u00bb custom_margin=\u00bb1%||1%||true|true\u00bb custom_padding=\u00bb3%|3%|3%|3%|true|true\u00bb custom_css_blurb_title=\u00bbmargin-top: 10px\u00bb border_width_all=\u00bb1px\u00bb border_color_all=\u00bb#D9E5F9&#8243; global_colors_info=\u00bb{}\u00bb][\/et_pb_blurb][et_pb_blurb title=\u00bb4485-920 Mosteir\u00f3\u00bb use_icon=\u00bbon\u00bb font_icon=\u00bb&#xe081;||divi||400&#8243; icon_placement=\u00bbleft\u00bb image_icon_width=\u00bb30px\u00bb content_max_width=\u00bb100%\u00bb _builder_version=\u00bb4.18.0&#8243; _module_preset=\u00bbdefault\u00bb body_text_align=\u00bbjustify\u00bb image_icon_custom_margin=\u00bb5px||||false|false\u00bb width=\u00bb100%\u00bb max_width=\u00bb100%\u00bb custom_margin=\u00bb1%||1%||true|true\u00bb custom_padding=\u00bb3%|3%|3%|3%|true|true\u00bb custom_css_blurb_title=\u00bbmargin-top: 10px\u00bb border_width_all=\u00bb1px\u00bb border_color_all=\u00bb#D9E5F9&#8243; global_colors_info=\u00bb{}\u00bb][\/et_pb_blurb][\/et_pb_column][\/et_pb_row][\/et_pb_section][et_pb_section fb_built=\u00bb1&#8243; admin_label=\u00bbServicos\u00bb module_id=\u00bbservicios\u00bb _builder_version=\u00bb4.18.0&#8243; _module_preset=\u00bbdefault\u00bb custom_padding=\u00bb0px||0px||true|false\u00bb da_disable_devices=\u00bboff|off|off\u00bb global_colors_info=\u00bb{}\u00bb da_is_popup=\u00bboff\u00bb da_exit_intent=\u00bboff\u00bb da_has_close=\u00bbon\u00bb da_alt_close=\u00bboff\u00bb da_dark_close=\u00bboff\u00bb da_not_modal=\u00bbon\u00bb da_is_singular=\u00bboff\u00bb da_with_loader=\u00bboff\u00bb da_has_shadow=\u00bbon\u00bb][et_pb_row _builder_version=\u00bb4.18.0&#8243; _module_preset=\u00bbdefault\u00bb custom_padding=\u00bb||0px||false|false\u00bb global_colors_info=\u00bb{}\u00bb][et_pb_column type=\u00bb4_4&#8243; _builder_version=\u00bb4.18.0&#8243; _module_preset=\u00bbdefault\u00bb global_colors_info=\u00bb{}\u00bb][et_pb_text _builder_version=\u00bb4.18.0&#8243; _module_preset=\u00bbdefault\u00bb header_2_font_size=\u00bb46px\u00bb text_orientation=\u00bbcenter\u00bb header_2_text_align_tablet=\u00bb\u00bb header_2_text_align_phone=\u00bbleft\u00bb header_2_text_align_last_edited=\u00bbon|phone\u00bb global_colors_info=\u00bb{}\u00bb]<\/p>\n<h2>Env\u00edanos un mensaje<\/h2>\n<p>[\/et_pb_text][et_pb_divider show_divider=\u00bboff\u00bb admin_label=\u00bbDivider\u00bb _builder_version=\u00bb4.18.0&#8243; _module_preset=\u00bbdefault\u00bb background_color=\u00bb#3C76FC\u00bb width=\u00bb90px\u00bb module_alignment=\u00bbcenter\u00bb height=\u00bb5px\u00bb custom_margin=\u00bb30px||30px||true|false\u00bb custom_padding=\u00bb||||true|false\u00bb module_alignment_tablet=\u00bbcenter\u00bb module_alignment_phone=\u00bbleft\u00bb module_alignment_last_edited=\u00bbon|phone\u00bb global_colors_info=\u00bb{}\u00bb][\/et_pb_divider][\/et_pb_column][\/et_pb_row][et_pb_row _builder_version=\u00bb4.18.0&#8243; _module_preset=\u00bbdefault\u00bb custom_margin_tablet=\u00bb\u00bb custom_margin_phone=\u00bb||60px||false|false\u00bb custom_margin_last_edited=\u00bbon|phone\u00bb global_colors_info=\u00bb{}\u00bb][et_pb_column type=\u00bb4_4&#8243; _builder_version=\u00bb4.18.0&#8243; _module_preset=\u00bbdefault\u00bb global_colors_info=\u00bb{}\u00bb][dsm_contact_form_7 cf7_library=\u00bb1261&#8243; button_alignment=\u00bbcenter\u00bb input_background_color=\u00bbRGBA(255,255,255,0)\u00bb _builder_version=\u00bb4.23&#8243; _module_preset=\u00bbdefault\u00bb input_textarea_select_text_color=\u00bb#000000&#8243; placeholder_text_color=\u00bb#000000&#8243; custom_button_one=\u00bbon\u00bb button_one_text_color=\u00bb#FFFFFF\u00bb button_one_bg_color=\u00bb#000000&#8243; button_one_border_color=\u00bb#000000&#8243; button_one_font=\u00bb|700|||||||\u00bb button_one_use_icon=\u00bboff\u00bb button_one_custom_margin_tablet=\u00bb\u00bb button_one_custom_margin_phone=\u00bb40px||||false|false\u00bb button_one_custom_margin_last_edited=\u00bbon|phone\u00bb button_one_custom_padding=\u00bb10px|30px|10px|30px|true|true\u00bb hover_enabled=\u00bb0&#8243; border_width_bottom_image=\u00bb2px\u00bb global_colors_info=\u00bb{}\u00bb button_one_border_color__hover_enabled=\u00bbon|hover\u00bb button_one_border_color__hover=\u00bb#3C76FC\u00bb button_one_bg_color__hover_enabled=\u00bbon|hover\u00bb button_one_bg_color__hover=\u00bb#3C76FC\u00bb button_one_bg_enable_color__hover=\u00bbon\u00bb button_one_text_color__hover_enabled=\u00bbon|desktop\u00bb button_one_text_color__hover=\u00bb#FFFFFF\u00bb sticky_enabled=\u00bb0&#8243;][\/dsm_contact_form_7][\/et_pb_column][\/et_pb_row][\/et_pb_section]<\/p>\n","protected":false},"excerpt":{"rendered":"<p><div class=\"et_pb_module dsm_embed_google_map dsm_embed_google_map_0\">\n\t\t\t\t\n\t\t\t\t\n\t\t\t\t\n\t\t\t\t\n\t\t\t\t\n\t\t\t\t\n\t\t\t\t<div class=\"et_pb_module_inner\">\n\t\t\t\t\t<iframe frameborder=\"0\" scrolling=\"no\" marginheight=\"0\" marginwidth=\"0\" src=\"https:\/\/maps.google.com\/maps?q=MTVD%20-%20Manuten%C3%A7%C3%A3o%20e%20Tecnologia%20Industrial%2C%20Lda.&amp;t=m&amp;z=12&amp;output=embed&amp;iwloc=near&hl=es_ES\" aria-label=\"MTVD - Manuten\u00e7\u00e3o e Tecnologia Industrial, Lda.\"><\/iframe>\n\t\t\t\t<\/div>\n\t\t\t<\/div>Env\u00edanos un mensaje <div class=\"et_pb_with_border et_pb_module dsm_contact_form_7 dsm_contact_form_7_0\">\n\t\t\t\t\n\t\t\t\t\n\t\t\t\t\n\t\t\t\t\n\t\t\t\t\n\t\t\t\t\n\t\t\t\t<div class=\"et_pb_module_inner\">\n\t\t\t\t\t<div class=\"\">\n\t\t\t\t\n<div class=\"wpcf7 no-js\" id=\"wpcf7-f1261-o1\" lang=\"pt-PT\" dir=\"ltr\">\n<div class=\"screen-reader-response\"><p role=\"status\" aria-live=\"polite\" aria-atomic=\"true\"><\/p> <ul><\/ul><\/div>\n<form action=\"\/es\/wp-json\/wp\/v2\/pages\/1184#wpcf7-f1261-o1\" method=\"post\" class=\"wpcf7-form init\" aria-label=\"Formul\u00e1rio de contacto\" novalidate=\"novalidate\" data-status=\"init\">\n<div style=\"display: none;\">\n<input type=\"hidden\" name=\"_wpcf7\" value=\"1261\" \/>\n<input type=\"hidden\" name=\"_wpcf7_version\" value=\"5.9.3\" \/>\n<input type=\"hidden\" name=\"_wpcf7_locale\" value=\"pt_PT\" \/>\n<input type=\"hidden\" name=\"_wpcf7_unit_tag\" value=\"wpcf7-f1261-o1\" \/>\n<input type=\"hidden\" name=\"_wpcf7_container_post\" value=\"0\" \/>\n<input type=\"hidden\" name=\"_wpcf7_posted_data_hash\" value=\"\" \/>\n<\/div>\n<div class=\"one-half\">\n\t<p><span class=\"wpcf7-form-control-wrap\" data-name=\"nome\"><input size=\"40\" class=\"wpcf7-form-control wpcf7-text wpcf7-validates-as-required\" aria-required=\"true\" aria-invalid=\"false\" placeholder=\"Nombre (obligatorio)\" value=\"\" type=\"text\" name=\"nome\" \/><\/span>\n\t<\/p>\n<\/div>\n<div class=\"one-half last\">\n\t<p><span class=\"wpcf7-form-control-wrap\" data-name=\"email\"><input size=\"40\" class=\"wpcf7-form-control wpcf7-email wpcf7-validates-as-required wpcf7-text wpcf7-validates-as-email\" aria-required=\"true\" aria-invalid=\"false\" placeholder=\"E-mail (obligatorio)\" value=\"\" type=\"email\" name=\"email\" \/><\/span>\n\t<\/p>\n<\/div>\n<div class=\"one-half\">\n\t<p><span class=\"wpcf7-form-control-wrap\" data-name=\"tel-contactos\"><input size=\"40\" class=\"wpcf7-form-control wpcf7-tel wpcf7-validates-as-required wpcf7-text wpcf7-validates-as-tel\" aria-required=\"true\" aria-invalid=\"false\" placeholder=\"Tel\u00e9fono (obligatorio)\" value=\"\" type=\"tel\" name=\"tel-contactos\" \/><\/span>\n\t<\/p>\n<\/div>\n<div class=\"one-half last\">\n\t<p><span class=\"wpcf7-form-control-wrap\" data-name=\"assunto\"><input size=\"40\" class=\"wpcf7-form-control wpcf7-text\" aria-invalid=\"false\" placeholder=\"Tema\" value=\"\" type=\"text\" name=\"assunto\" \/><\/span>\n\t<\/p>\n<\/div>\n<div class=\"one-full\">\n\t<p><span class=\"wpcf7-form-control-wrap\" data-name=\"textarea\"><textarea cols=\"40\" rows=\"4\" class=\"wpcf7-form-control wpcf7-textarea\" aria-invalid=\"false\" placeholder=\"Escriba su mensaje aqu\u00ed...\" name=\"textarea\"><\/textarea><\/span>\n\t<\/p>\n<\/div>\n<div class=\"one-full consentimento\">\n\t<p><span class=\"wpcf7-form-control-wrap\" data-name=\"rgpd\"><span class=\"wpcf7-form-control wpcf7-acceptance\"><span class=\"wpcf7-list-item\"><label><input type=\"checkbox\" name=\"rgpd\" value=\"1\" class=\"required\" aria-invalid=\"false\" \/><span class=\"wpcf7-list-item-label\">Acepto que mis datos se recopilen para procesar esta solicitud. Al enviar, acepto las \n<a href=\"http:\/\/mtvd.pt\/rgpd\/\" target=\"_blank\" style=\" color: #000; font-weight: bold; text-decoration: underline \">Pol\u00edtica de privacidad<\/a> y c\u00f3mo se recopilan, almacenan y procesan mis datos.<\/span><\/label><\/span><\/span><\/span>\n\t<\/p>\n<\/div>\n<div class=\"one-full\" style=\" text-align: center; display: flex; align-items: center; flex-direction: column; \">\n\t<p><button class=\"wpcf7-form-control wpcf7-submit has-spinner et_pb_button et_pb_bg_layout_light\" type=\"submit\" value=\"Enviar\">Enviar<\/button>\n\t<\/p>\n<\/div><div class=\"wpcf7-response-output\" aria-hidden=\"true\"><\/div>\n<\/form>\n<\/div>\n\n\t\t\t<\/div>\n\t\t\t\t<\/div>\n\t\t\t<\/div><\/p>\n","protected":false},"author":1,"featured_media":0,"parent":0,"menu_order":0,"comment_status":"closed","ping_status":"closed","template":"","meta":{"_et_pb_use_builder":"on","_et_pb_old_content":"","_et_gb_content_width":"","_themeisle_gutenberg_block_has_review":false,"footnotes":""},"yoast_head":"<!-- This site is optimized with the Yoast SEO Premium plugin v21.2 (Yoast SEO v22.4) - https:\/\/yoast.com\/wordpress\/plugins\/seo\/ -->\n<title>Contacto &#8212; MTVD<\/title>\n<meta name=\"description\" content=\"P\u00f3ngase en contacto con nosotros para analizar sus necesidades de mantenimiento industrial. Somos una referencia en Portugal.\" \/>\n<meta name=\"robots\" content=\"index, follow, max-snippet:-1, max-image-preview:large, max-video-preview:-1\" \/>\n<link rel=\"canonical\" href=\"https:\/\/mtvd.pt\/es\/contactos\/\" \/>\n<meta property=\"og:locale\" content=\"es_ES\" \/>\n<meta property=\"og:type\" content=\"article\" \/>\n<meta property=\"og:title\" content=\"Contacto\" \/>\n<meta property=\"og:description\" content=\"P\u00f3ngase en contacto con nosotros para analizar sus necesidades de mantenimiento industrial. Somos una referencia en Portugal.\" \/>\n<meta property=\"og:url\" content=\"https:\/\/mtvd.pt\/es\/contactos\/\" \/>\n<meta property=\"og:site_name\" content=\"MTVD\" \/>\n<meta property=\"article:publisher\" content=\"https:\/\/www.facebook.com\/mtvdmotorestransformadoresinstalacoeseletricas\" \/>\n<meta property=\"article:modified_time\" content=\"2023-10-30T10:08:35+00:00\" \/>\n<meta name=\"twitter:card\" content=\"summary_large_image\" \/>\n<meta name=\"twitter:label1\" content=\"Tiempo de lectura\" \/>\n\t<meta name=\"twitter:data1\" content=\"2 minutos\" \/>\n<script type=\"application\/ld+json\" class=\"yoast-schema-graph\">{\"@context\":\"https:\/\/schema.org\",\"@graph\":[{\"@type\":\"WebPage\",\"@id\":\"https:\/\/mtvd.pt\/es\/contactos\/\",\"url\":\"https:\/\/mtvd.pt\/es\/contactos\/\",\"name\":\"Contacto &#8212; MTVD\",\"isPartOf\":{\"@id\":\"https:\/\/mtvd.pt\/#website\"},\"datePublished\":\"2022-11-22T16:56:13+00:00\",\"dateModified\":\"2023-10-30T10:08:35+00:00\",\"description\":\"P\u00f3ngase en contacto con nosotros para analizar sus necesidades de mantenimiento industrial. Somos una referencia en Portugal.\",\"breadcrumb\":{\"@id\":\"https:\/\/mtvd.pt\/es\/contactos\/#breadcrumb\"},\"inLanguage\":\"es\",\"potentialAction\":[{\"@type\":\"ReadAction\",\"target\":[\"https:\/\/mtvd.pt\/es\/contactos\/\"]}]},{\"@type\":\"BreadcrumbList\",\"@id\":\"https:\/\/mtvd.pt\/es\/contactos\/#breadcrumb\",\"itemListElement\":[{\"@type\":\"ListItem\",\"position\":1,\"name\":\"In\u00edcio\",\"item\":\"https:\/\/mtvd.pt\/es\/home-page\/\"},{\"@type\":\"ListItem\",\"position\":2,\"name\":\"Contacto\"}]},{\"@type\":\"WebSite\",\"@id\":\"https:\/\/mtvd.pt\/#website\",\"url\":\"https:\/\/mtvd.pt\/\",\"name\":\"MTVD - Motores, Transformadores e Instala\u00e7\u00f5es El\u00e9tricas\",\"description\":\"Motores, Transformadores e Instala\u00e7\u00f5es El\u00e9tricas\",\"publisher\":{\"@id\":\"https:\/\/mtvd.pt\/#organization\"},\"potentialAction\":[{\"@type\":\"SearchAction\",\"target\":{\"@type\":\"EntryPoint\",\"urlTemplate\":\"https:\/\/mtvd.pt\/?s={search_term_string}\"},\"query-input\":\"required name=search_term_string\"}],\"inLanguage\":\"es\"},{\"@type\":\"Organization\",\"@id\":\"https:\/\/mtvd.pt\/#organization\",\"name\":\"MTVD \u2014 Manuten\u00e7\u00e3o e Tecnologia Industrial\",\"url\":\"https:\/\/mtvd.pt\/\",\"logo\":{\"@type\":\"ImageObject\",\"inLanguage\":\"es\",\"@id\":\"https:\/\/mtvd.pt\/#\/schema\/logo\/image\/\",\"url\":\"https:\/\/mtvd.pt\/wp-content\/uploads\/2023\/07\/MTVD-Azul.jpg\",\"contentUrl\":\"https:\/\/mtvd.pt\/wp-content\/uploads\/2023\/07\/MTVD-Azul.jpg\",\"width\":2000,\"height\":2000,\"caption\":\"MTVD \u2014 Manuten\u00e7\u00e3o e Tecnologia Industrial\"},\"image\":{\"@id\":\"https:\/\/mtvd.pt\/#\/schema\/logo\/image\/\"},\"sameAs\":[\"https:\/\/www.facebook.com\/mtvdmotorestransformadoresinstalacoeseletricas\",\"https:\/\/www.linkedin.com\/company\/mtvd-motores-transformadores-e-instalaes-eltricas\",\"https:\/\/www.instagram.com\/mtvdmotorestransformadores\/\"]}]}<\/script>\n<!-- \/ Yoast SEO Premium plugin. -->","yoast_head_json":{"title":"Contacto &#8212; MTVD","description":"P\u00f3ngase en contacto con nosotros para analizar sus necesidades de mantenimiento industrial. Somos una referencia en Portugal.","robots":{"index":"index","follow":"follow","max-snippet":"max-snippet:-1","max-image-preview":"max-image-preview:large","max-video-preview":"max-video-preview:-1"},"canonical":"https:\/\/mtvd.pt\/es\/contactos\/","og_locale":"es_ES","og_type":"article","og_title":"Contacto","og_description":"P\u00f3ngase en contacto con nosotros para analizar sus necesidades de mantenimiento industrial. Somos una referencia en Portugal.","og_url":"https:\/\/mtvd.pt\/es\/contactos\/","og_site_name":"MTVD","article_publisher":"https:\/\/www.facebook.com\/mtvdmotorestransformadoresinstalacoeseletricas","article_modified_time":"2023-10-30T10:08:35+00:00","twitter_card":"summary_large_image","twitter_misc":{"Tiempo de lectura":"2 minutos"},"schema":{"@context":"https:\/\/schema.org","@graph":[{"@type":"WebPage","@id":"https:\/\/mtvd.pt\/es\/contactos\/","url":"https:\/\/mtvd.pt\/es\/contactos\/","name":"Contacto &#8212; MTVD","isPartOf":{"@id":"https:\/\/mtvd.pt\/#website"},"datePublished":"2022-11-22T16:56:13+00:00","dateModified":"2023-10-30T10:08:35+00:00","description":"P\u00f3ngase en contacto con nosotros para analizar sus necesidades de mantenimiento industrial. Somos una referencia en Portugal.","breadcrumb":{"@id":"https:\/\/mtvd.pt\/es\/contactos\/#breadcrumb"},"inLanguage":"es","potentialAction":[{"@type":"ReadAction","target":["https:\/\/mtvd.pt\/es\/contactos\/"]}]},{"@type":"BreadcrumbList","@id":"https:\/\/mtvd.pt\/es\/contactos\/#breadcrumb","itemListElement":[{"@type":"ListItem","position":1,"name":"In\u00edcio","item":"https:\/\/mtvd.pt\/es\/home-page\/"},{"@type":"ListItem","position":2,"name":"Contacto"}]},{"@type":"WebSite","@id":"https:\/\/mtvd.pt\/#website","url":"https:\/\/mtvd.pt\/","name":"MTVD - Motores, Transformadores e Instala\u00e7\u00f5es El\u00e9tricas","description":"Motores, Transformadores e Instala\u00e7\u00f5es El\u00e9tricas","publisher":{"@id":"https:\/\/mtvd.pt\/#organization"},"potentialAction":[{"@type":"SearchAction","target":{"@type":"EntryPoint","urlTemplate":"https:\/\/mtvd.pt\/?s={search_term_string}"},"query-input":"required name=search_term_string"}],"inLanguage":"es"},{"@type":"Organization","@id":"https:\/\/mtvd.pt\/#organization","name":"MTVD \u2014 Manuten\u00e7\u00e3o e Tecnologia Industrial","url":"https:\/\/mtvd.pt\/","logo":{"@type":"ImageObject","inLanguage":"es","@id":"https:\/\/mtvd.pt\/#\/schema\/logo\/image\/","url":"https:\/\/mtvd.pt\/wp-content\/uploads\/2023\/07\/MTVD-Azul.jpg","contentUrl":"https:\/\/mtvd.pt\/wp-content\/uploads\/2023\/07\/MTVD-Azul.jpg","width":2000,"height":2000,"caption":"MTVD \u2014 Manuten\u00e7\u00e3o e Tecnologia Industrial"},"image":{"@id":"https:\/\/mtvd.pt\/#\/schema\/logo\/image\/"},"sameAs":["https:\/\/www.facebook.com\/mtvdmotorestransformadoresinstalacoeseletricas","https:\/\/www.linkedin.com\/company\/mtvd-motores-transformadores-e-instalaes-eltricas","https:\/\/www.instagram.com\/mtvdmotorestransformadores\/"]}]}},"_links":{"self":[{"href":"https:\/\/mtvd.pt\/es\/wp-json\/wp\/v2\/pages\/1184"}],"collection":[{"href":"https:\/\/mtvd.pt\/es\/wp-json\/wp\/v2\/pages"}],"about":[{"href":"https:\/\/mtvd.pt\/es\/wp-json\/wp\/v2\/types\/page"}],"author":[{"embeddable":true,"href":"https:\/\/mtvd.pt\/es\/wp-json\/wp\/v2\/users\/1"}],"replies":[{"embeddable":true,"href":"https:\/\/mtvd.pt\/es\/wp-json\/wp\/v2\/comments?post=1184"}],"version-history":[{"count":11,"href":"https:\/\/mtvd.pt\/es\/wp-json\/wp\/v2\/pages\/1184\/revisions"}],"predecessor-version":[{"id":2324,"href":"https:\/\/mtvd.pt\/es\/wp-json\/wp\/v2\/pages\/1184\/revisions\/2324"}],"wp:attachment":[{"href":"https:\/\/mtvd.pt\/es\/wp-json\/wp\/v2\/media?parent=1184"}],"curies":[{"name":"wp","href":"https:\/\/api.w.org\/{rel}","templated":true}]}}