{"id":1183,"date":"2022-11-22T17:49:39","date_gmt":"2022-11-22T17:49:39","guid":{"rendered":"http:\/\/mtvd.pt\/faqs\/"},"modified":"2024-01-15T10:35:43","modified_gmt":"2024-01-15T10:35:43","slug":"faqs","status":"publish","type":"page","link":"https:\/\/mtvd.pt\/es\/faqs\/","title":{"rendered":"Preguntas Frecuentes"},"content":{"rendered":"<p>[et_pb_section fb_built=\u00bb1&#8243; _builder_version=\u00bb4.18.0&#8243; _module_preset=\u00bbdefault\u00bb da_disable_devices=\u00bboff|off|off\u00bb global_colors_info=\u00bb{}\u00bb da_is_popup=\u00bboff\u00bb da_exit_intent=\u00bboff\u00bb da_has_close=\u00bbon\u00bb da_alt_close=\u00bboff\u00bb da_dark_close=\u00bboff\u00bb da_not_modal=\u00bbon\u00bb da_is_singular=\u00bboff\u00bb da_with_loader=\u00bboff\u00bb da_has_shadow=\u00bbon\u00bb][et_pb_row _builder_version=\u00bb4.18.0&#8243; _module_preset=\u00bbdefault\u00bb locked=\u00bboff\u00bb global_colors_info=\u00bb{}\u00bb][et_pb_column type=\u00bb4_4&#8243; _builder_version=\u00bb4.18.0&#8243; _module_preset=\u00bbdefault\u00bb global_colors_info=\u00bb{}\u00bb][et_pb_post_title meta=\u00bboff\u00bb featured_image=\u00bboff\u00bb _builder_version=\u00bb4.18.0&#8243; _module_preset=\u00bbdefault\u00bb title_font_size=\u00bb46px\u00bb text_orientation=\u00bbcenter\u00bb global_colors_info=\u00bb{}\u00bb][\/et_pb_post_title][et_pb_divider show_divider=\u00bboff\u00bb _builder_version=\u00bb4.18.0&#8243; _module_preset=\u00bbdefault\u00bb background_color=\u00bb#3C76FC\u00bb width=\u00bb90px\u00bb module_alignment=\u00bbcenter\u00bb height=\u00bb5px\u00bb global_colors_info=\u00bb{}\u00bb][\/et_pb_divider][\/et_pb_column][\/et_pb_row][et_pb_row use_custom_gutter=\u00bbon\u00bb gutter_width=\u00bb1&#8243; _builder_version=\u00bb4.18.0&#8243; _module_preset=\u00bbdefault\u00bb custom_padding=\u00bb0px||0px||true|false\u00bb global_colors_info=\u00bb{}\u00bb][et_pb_column type=\u00bb4_4&#8243; _builder_version=\u00bb4.18.0&#8243; _module_preset=\u00bbdefault\u00bb global_colors_info=\u00bb{}\u00bb][et_pb_accordion open_toggle_text_color=\u00bb#3C76FC\u00bb open_toggle_background_color=\u00bb#FFFFFF\u00bb closed_toggle_text_color=\u00bb#000000&#8243; closed_toggle_background_color=\u00bb#FFFFFF\u00bb toggle_icon=\u00bb&#x50;||divi||400&#8243; icon_color=\u00bb#3C76FC\u00bb use_icon_font_size=\u00bbon\u00bb icon_font_size=\u00bb26px\u00bb _builder_version=\u00bb4.23.4&#8243; _module_preset=\u00bbdefault\u00bb toggle_level=\u00bbh3&#8243; text_orientation=\u00bbjustified\u00bb border_width_all=\u00bb0px\u00bb border_width_bottom=\u00bb1px\u00bb border_color_bottom=\u00bb#D9E5F9&#8243; global_colors_info=\u00bb{}\u00bb][et_pb_accordion_item title=\u00bb1. El transformador de mi instalaci\u00f3n tiene un ruido extra\u00f1o, una resonancia y un ruido como si se estuviera &quot;friendo&quot;. \u00bfQu\u00e9 debo hacer?\u00bb open=\u00bbon\u00bb _builder_version=\u00bb4.18.0&#8243; _module_preset=\u00bbdefault\u00bb global_colors_info=\u00bb{}\u00bb]<\/p>\n<p>Desconecte el transformador lo antes posible y llame a una organizaci\u00f3n cualificada para que analice el ruido del transformador y realice pruebas.<\/p>\n<p>[\/et_pb_accordion_item][et_pb_accordion_item title=\u00bb2. El transformador tiene el flotador DGPT en la parte inferior. \u00bfHay alg\u00fan problema?\u00bb _builder_version=\u00bb4.18.0&#8243; _module_preset=\u00bbdefault\u00bb global_colors_info=\u00bb{}\u00bb open=\u00bboff\u00bb]<\/p>\n<p>Posibles causas:<\/p>\n<p>&#8211; Nivel de aceite bajo;<br \/>&#8211; Sin vac\u00edo;<br \/>&#8211; Presencia de gases en el interior del transformador por posibles descargas parciales o C.C.<\/p>\n<p>.<\/p>\n<p>[\/et_pb_accordion_item][et_pb_accordion_item title=\u00bb3. \u00bfTengo que mantener los transformadores de mi planta? En caso afirmativo, \u00bfcu\u00e1les son las ventajas?\u00bb _builder_version=\u00bb4.18.0&#8243; _module_preset=\u00bbdefault\u00bb global_colors_info=\u00bb{}\u00bb open=\u00bboff\u00bb]<\/p>\n<p>Es aconsejable realizar el mantenimiento de cualquier equipo, desde la limpieza hasta el reapriete y las pruebas el\u00e9ctricas, para garantizar:<\/p>\n<p>&#8211; Que el transformador es conforme;<br \/>&#8211; Detecci\u00f3n precoz de posibles problemas como fugas de aceite, puntos calientes (clavijas o cableado), estado de conservaci\u00f3n (resistencia del aislamiento).<\/p>\n<p>[\/et_pb_accordion_item][et_pb_accordion_item title=\u00bb4. El transformador tiene un aislante roto. \u00bfExiste alg\u00fan riesgo?\u00bb _builder_version=\u00bb4.18.0&#8243; _module_preset=\u00bbdefault\u00bb global_colors_info=\u00bb{}\u00bb open=\u00bboff\u00bb]<\/p>\n<p>&#8211; Marea negra;<br \/>&#8211; Descarga el\u00e9ctrica.<\/p>\n<p>[\/et_pb_accordion_item][et_pb_accordion_item title=\u00bb5. He detectado que el transformador tiene una fuga de aceite. \u00bfHay alg\u00fan problema?\u00bb _builder_version=\u00bb4.18.0&#8243; _module_preset=\u00bbdefault\u00bb global_colors_info=\u00bb{}\u00bb open=\u00bboff\u00bb]<\/p>\n<p>S\u00ed, si es importante, requiere una intervenci\u00f3n r\u00e1pida.<\/p>\n<p>[\/et_pb_accordion_item][et_pb_accordion_item title=\u00bb6. En una inspecci\u00f3n, el operador E-Redes indic\u00f3 que el transformador necesita ser mejorado en el taller. \u00bfQu\u00e9 significa eso?\u00bb _builder_version=\u00bb4.18.0&#8243; _module_preset=\u00bbdefault\u00bb global_colors_info=\u00bb{}\u00bb open=\u00bboff\u00bb]<\/p>\n<p>Esto significa que el transformador tendr\u00e1 que entrar en el taller y someterse generalmente a pruebas el\u00e9ctricas de entrada, desincrustaci\u00f3n, un proceso de secado, sustituci\u00f3n del aceite aislante por aceite nuevo, sustituci\u00f3n de todas las juntas, pruebas finales y pintura.<\/p>\n<p>[\/et_pb_accordion_item][et_pb_accordion_item title=\u00bb7. El motor de mi empresa se ha quemado. \u00bfSe puede reparar?\u00bb _builder_version=\u00bb4.18.0&#8243; _module_preset=\u00bbdefault\u00bb global_colors_info=\u00bb{}\u00bb open=\u00bboff\u00bb]<\/p>\n<p>En la mayor\u00eda de los casos, s\u00ed. Puede repararse mediante el proceso de rebobinado.<\/p>\n<p>[\/et_pb_accordion_item][et_pb_accordion_item title=\u00bb8. \u00bfEs necesario realizar el mantenimiento de los motores\/generadores de la instalaci\u00f3n en mi planta? En caso afirmativo, \u00bfcu\u00e1les son las ventajas?\u00bb _builder_version=\u00bb4.18.0&#8243; _module_preset=\u00bbdefault\u00bb global_colors_info=\u00bb{}\u00bb open=\u00bboff\u00bb]<\/p>\n<p>Es aconsejable realizar el mantenimiento de cualquier equipo, desde la limpieza hasta el reapriete y las pruebas el\u00e9ctricas, para garantizar:<\/p>\n<p>&#8211; Conformidad del motor\/generador;<br \/>&#8211; Detecci\u00f3n precoz de posibles problemas como puntos calientes (clavijas, cableado o bobinado), componentes rotos, estado de la resistencia de aislamiento del motor\/generador.<\/p>\n<p>[\/et_pb_accordion_item][\/et_pb_accordion][\/et_pb_column][\/et_pb_row][\/et_pb_section]<\/p>\n","protected":false},"excerpt":{"rendered":"<p>Desconecte el transformador lo antes posible y llame a una organizaci\u00f3n cualificada para que analice el ruido del transformador y realice pruebas.Posibles causas: &#8211; Nivel de aceite bajo;- Sin vac\u00edo;- Presencia de gases en el interior del transformador por posibles descargas parciales o C.C. .Es aconsejable realizar el mantenimiento de cualquier equipo, desde la limpieza [&hellip;]<\/p>\n","protected":false},"author":1,"featured_media":0,"parent":0,"menu_order":0,"comment_status":"closed","ping_status":"closed","template":"","meta":{"_et_pb_use_builder":"on","_et_pb_old_content":"","_et_gb_content_width":"","_themeisle_gutenberg_block_has_review":false,"footnotes":""},"yoast_head":"<!-- This site is optimized with the Yoast SEO Premium plugin v21.2 (Yoast SEO v22.4) - https:\/\/yoast.com\/wordpress\/plugins\/seo\/ -->\n<title>Preguntas Frecuentes &#8212; MTVD<\/title>\n<meta name=\"description\" content=\"Preguntas comunes, respuestas directas. En nuestra secci\u00f3n de Preguntas Frecuentes (FAQ) encontrar\u00e1 todo lo que necesita saber sobre los servicios de mantenimiento industrial de MTVD.\" \/>\n<meta name=\"robots\" content=\"index, follow, max-snippet:-1, max-image-preview:large, max-video-preview:-1\" \/>\n<link rel=\"canonical\" href=\"https:\/\/mtvd.pt\/es\/faqs\/\" \/>\n<meta property=\"og:locale\" content=\"es_ES\" \/>\n<meta property=\"og:type\" content=\"article\" \/>\n<meta property=\"og:title\" content=\"Preguntas Frecuentes\" \/>\n<meta property=\"og:description\" content=\"Preguntas comunes, respuestas directas. En nuestra secci\u00f3n de Preguntas Frecuentes (FAQ) encontrar\u00e1 todo lo que necesita saber sobre los servicios de mantenimiento industrial de MTVD.\" \/>\n<meta property=\"og:url\" content=\"https:\/\/mtvd.pt\/es\/faqs\/\" \/>\n<meta property=\"og:site_name\" content=\"MTVD\" \/>\n<meta property=\"article:publisher\" content=\"https:\/\/www.facebook.com\/mtvdmotorestransformadoresinstalacoeseletricas\" \/>\n<meta property=\"article:modified_time\" content=\"2024-01-15T10:35:43+00:00\" \/>\n<meta name=\"twitter:card\" content=\"summary_large_image\" \/>\n<meta name=\"twitter:label1\" content=\"Tiempo de lectura\" \/>\n\t<meta name=\"twitter:data1\" content=\"7 minutos\" \/>\n<script type=\"application\/ld+json\" class=\"yoast-schema-graph\">{\"@context\":\"https:\/\/schema.org\",\"@graph\":[{\"@type\":\"WebPage\",\"@id\":\"https:\/\/mtvd.pt\/es\/faqs\/\",\"url\":\"https:\/\/mtvd.pt\/es\/faqs\/\",\"name\":\"Preguntas Frecuentes &#8212; MTVD\",\"isPartOf\":{\"@id\":\"https:\/\/mtvd.pt\/#website\"},\"datePublished\":\"2022-11-22T17:49:39+00:00\",\"dateModified\":\"2024-01-15T10:35:43+00:00\",\"description\":\"Preguntas comunes, respuestas directas. En nuestra secci\u00f3n de Preguntas Frecuentes (FAQ) encontrar\u00e1 todo lo que necesita saber sobre los servicios de mantenimiento industrial de MTVD.\",\"breadcrumb\":{\"@id\":\"https:\/\/mtvd.pt\/es\/faqs\/#breadcrumb\"},\"inLanguage\":\"es\",\"potentialAction\":[{\"@type\":\"ReadAction\",\"target\":[\"https:\/\/mtvd.pt\/es\/faqs\/\"]}]},{\"@type\":\"BreadcrumbList\",\"@id\":\"https:\/\/mtvd.pt\/es\/faqs\/#breadcrumb\",\"itemListElement\":[{\"@type\":\"ListItem\",\"position\":1,\"name\":\"In\u00edcio\",\"item\":\"https:\/\/mtvd.pt\/es\/home-page\/\"},{\"@type\":\"ListItem\",\"position\":2,\"name\":\"Preguntas Frecuentes\"}]},{\"@type\":\"WebSite\",\"@id\":\"https:\/\/mtvd.pt\/#website\",\"url\":\"https:\/\/mtvd.pt\/\",\"name\":\"MTVD - Motores, Transformadores e Instala\u00e7\u00f5es El\u00e9tricas\",\"description\":\"Motores, Transformadores e Instala\u00e7\u00f5es El\u00e9tricas\",\"publisher\":{\"@id\":\"https:\/\/mtvd.pt\/#organization\"},\"potentialAction\":[{\"@type\":\"SearchAction\",\"target\":{\"@type\":\"EntryPoint\",\"urlTemplate\":\"https:\/\/mtvd.pt\/?s={search_term_string}\"},\"query-input\":\"required name=search_term_string\"}],\"inLanguage\":\"es\"},{\"@type\":\"Organization\",\"@id\":\"https:\/\/mtvd.pt\/#organization\",\"name\":\"MTVD \u2014 Manuten\u00e7\u00e3o e Tecnologia Industrial\",\"url\":\"https:\/\/mtvd.pt\/\",\"logo\":{\"@type\":\"ImageObject\",\"inLanguage\":\"es\",\"@id\":\"https:\/\/mtvd.pt\/#\/schema\/logo\/image\/\",\"url\":\"https:\/\/mtvd.pt\/wp-content\/uploads\/2023\/07\/MTVD-Azul.jpg\",\"contentUrl\":\"https:\/\/mtvd.pt\/wp-content\/uploads\/2023\/07\/MTVD-Azul.jpg\",\"width\":2000,\"height\":2000,\"caption\":\"MTVD \u2014 Manuten\u00e7\u00e3o e Tecnologia Industrial\"},\"image\":{\"@id\":\"https:\/\/mtvd.pt\/#\/schema\/logo\/image\/\"},\"sameAs\":[\"https:\/\/www.facebook.com\/mtvdmotorestransformadoresinstalacoeseletricas\",\"https:\/\/www.linkedin.com\/company\/mtvd-motores-transformadores-e-instalaes-eltricas\",\"https:\/\/www.instagram.com\/mtvdmotorestransformadores\/\"]}]}<\/script>\n<!-- \/ Yoast SEO Premium plugin. -->","yoast_head_json":{"title":"Preguntas Frecuentes &#8212; MTVD","description":"Preguntas comunes, respuestas directas. En nuestra secci\u00f3n de Preguntas Frecuentes (FAQ) encontrar\u00e1 todo lo que necesita saber sobre los servicios de mantenimiento industrial de MTVD.","robots":{"index":"index","follow":"follow","max-snippet":"max-snippet:-1","max-image-preview":"max-image-preview:large","max-video-preview":"max-video-preview:-1"},"canonical":"https:\/\/mtvd.pt\/es\/faqs\/","og_locale":"es_ES","og_type":"article","og_title":"Preguntas Frecuentes","og_description":"Preguntas comunes, respuestas directas. En nuestra secci\u00f3n de Preguntas Frecuentes (FAQ) encontrar\u00e1 todo lo que necesita saber sobre los servicios de mantenimiento industrial de MTVD.","og_url":"https:\/\/mtvd.pt\/es\/faqs\/","og_site_name":"MTVD","article_publisher":"https:\/\/www.facebook.com\/mtvdmotorestransformadoresinstalacoeseletricas","article_modified_time":"2024-01-15T10:35:43+00:00","twitter_card":"summary_large_image","twitter_misc":{"Tiempo de lectura":"7 minutos"},"schema":{"@context":"https:\/\/schema.org","@graph":[{"@type":"WebPage","@id":"https:\/\/mtvd.pt\/es\/faqs\/","url":"https:\/\/mtvd.pt\/es\/faqs\/","name":"Preguntas Frecuentes &#8212; MTVD","isPartOf":{"@id":"https:\/\/mtvd.pt\/#website"},"datePublished":"2022-11-22T17:49:39+00:00","dateModified":"2024-01-15T10:35:43+00:00","description":"Preguntas comunes, respuestas directas. En nuestra secci\u00f3n de Preguntas Frecuentes (FAQ) encontrar\u00e1 todo lo que necesita saber sobre los servicios de mantenimiento industrial de MTVD.","breadcrumb":{"@id":"https:\/\/mtvd.pt\/es\/faqs\/#breadcrumb"},"inLanguage":"es","potentialAction":[{"@type":"ReadAction","target":["https:\/\/mtvd.pt\/es\/faqs\/"]}]},{"@type":"BreadcrumbList","@id":"https:\/\/mtvd.pt\/es\/faqs\/#breadcrumb","itemListElement":[{"@type":"ListItem","position":1,"name":"In\u00edcio","item":"https:\/\/mtvd.pt\/es\/home-page\/"},{"@type":"ListItem","position":2,"name":"Preguntas Frecuentes"}]},{"@type":"WebSite","@id":"https:\/\/mtvd.pt\/#website","url":"https:\/\/mtvd.pt\/","name":"MTVD - Motores, Transformadores e Instala\u00e7\u00f5es El\u00e9tricas","description":"Motores, Transformadores e Instala\u00e7\u00f5es El\u00e9tricas","publisher":{"@id":"https:\/\/mtvd.pt\/#organization"},"potentialAction":[{"@type":"SearchAction","target":{"@type":"EntryPoint","urlTemplate":"https:\/\/mtvd.pt\/?s={search_term_string}"},"query-input":"required name=search_term_string"}],"inLanguage":"es"},{"@type":"Organization","@id":"https:\/\/mtvd.pt\/#organization","name":"MTVD \u2014 Manuten\u00e7\u00e3o e Tecnologia Industrial","url":"https:\/\/mtvd.pt\/","logo":{"@type":"ImageObject","inLanguage":"es","@id":"https:\/\/mtvd.pt\/#\/schema\/logo\/image\/","url":"https:\/\/mtvd.pt\/wp-content\/uploads\/2023\/07\/MTVD-Azul.jpg","contentUrl":"https:\/\/mtvd.pt\/wp-content\/uploads\/2023\/07\/MTVD-Azul.jpg","width":2000,"height":2000,"caption":"MTVD \u2014 Manuten\u00e7\u00e3o e Tecnologia Industrial"},"image":{"@id":"https:\/\/mtvd.pt\/#\/schema\/logo\/image\/"},"sameAs":["https:\/\/www.facebook.com\/mtvdmotorestransformadoresinstalacoeseletricas","https:\/\/www.linkedin.com\/company\/mtvd-motores-transformadores-e-instalaes-eltricas","https:\/\/www.instagram.com\/mtvdmotorestransformadores\/"]}]}},"_links":{"self":[{"href":"https:\/\/mtvd.pt\/es\/wp-json\/wp\/v2\/pages\/1183"}],"collection":[{"href":"https:\/\/mtvd.pt\/es\/wp-json\/wp\/v2\/pages"}],"about":[{"href":"https:\/\/mtvd.pt\/es\/wp-json\/wp\/v2\/types\/page"}],"author":[{"embeddable":true,"href":"https:\/\/mtvd.pt\/es\/wp-json\/wp\/v2\/users\/1"}],"replies":[{"embeddable":true,"href":"https:\/\/mtvd.pt\/es\/wp-json\/wp\/v2\/comments?post=1183"}],"version-history":[{"count":27,"href":"https:\/\/mtvd.pt\/es\/wp-json\/wp\/v2\/pages\/1183\/revisions"}],"predecessor-version":[{"id":2564,"href":"https:\/\/mtvd.pt\/es\/wp-json\/wp\/v2\/pages\/1183\/revisions\/2564"}],"wp:attachment":[{"href":"https:\/\/mtvd.pt\/es\/wp-json\/wp\/v2\/media?parent=1183"}],"curies":[{"name":"wp","href":"https:\/\/api.w.org\/{rel}","templated":true}]}}