{"id":961,"date":"2022-11-22T16:56:13","date_gmt":"2022-11-22T16:56:13","guid":{"rendered":"http:\/\/mtvd.pt\/contactos\/"},"modified":"2023-10-30T10:07:34","modified_gmt":"2023-10-30T10:07:34","slug":"contacts","status":"publish","type":"page","link":"https:\/\/mtvd.pt\/en\/contacts\/","title":{"rendered":"Contacts"},"content":{"rendered":"<p>[et_pb_section fb_built=&#8221;1&#8243; _builder_version=&#8221;4.18.0&#8243; _module_preset=&#8221;default&#8221; da_disable_devices=&#8221;off|off|off&#8221; global_colors_info=&#8221;{}&#8221; da_is_popup=&#8221;off&#8221; da_exit_intent=&#8221;off&#8221; da_has_close=&#8221;on&#8221; da_alt_close=&#8221;off&#8221; da_dark_close=&#8221;off&#8221; da_not_modal=&#8221;on&#8221; da_is_singular=&#8221;off&#8221; da_with_loader=&#8221;off&#8221; da_has_shadow=&#8221;on&#8221;][et_pb_row column_structure=&#8221;2_3,1_3&#8243; use_custom_gutter=&#8221;on&#8221; gutter_width=&#8221;1&#8243; _builder_version=&#8221;4.18.0&#8243; _module_preset=&#8221;default&#8221; custom_padding=&#8221;0px||0px||true|false&#8221; global_colors_info=&#8221;{}&#8221;][et_pb_column type=&#8221;2_3&#8243; _builder_version=&#8221;4.18.0&#8243; _module_preset=&#8221;default&#8221; global_colors_info=&#8221;{}&#8221;][dsm_embed_google_map address=&#8221;MTVD &#8211; Manuten\u00e7\u00e3o e Tecnologia Industrial, Lda.&#8221; zoom=&#8221;12&#8243; _builder_version=&#8221;4.18.0&#8243; _module_preset=&#8221;default&#8221; height=&#8221;650px&#8221; height_tablet=&#8221;650px&#8221; height_phone=&#8221;650px&#8221; height_last_edited=&#8221;on|phone&#8221; global_colors_info=&#8221;{}&#8221;][\/dsm_embed_google_map][\/et_pb_column][et_pb_column type=&#8221;1_3&#8243; _builder_version=&#8221;4.18.0&#8243; _module_preset=&#8221;default&#8221; background_color=&#8221;#FFFFFF&#8221; vertical_offset=&#8221;85px&#8221; horizontal_offset=&#8221;-10%&#8221; position_origin_a_tablet=&#8221;&#8221; position_origin_a_phone=&#8221;&#8221; position_origin_a_last_edited=&#8221;on|phone&#8221; position_origin_f_tablet=&#8221;&#8221; position_origin_f_phone=&#8221;&#8221; position_origin_f_last_edited=&#8221;on|phone&#8221; position_origin_r_tablet=&#8221;&#8221; position_origin_r_phone=&#8221;&#8221; position_origin_r_last_edited=&#8221;on|phone&#8221; custom_padding=&#8221;5%|5%|5%|5%|true|true&#8221; custom_padding_tablet=&#8221;5%|5%|5%|5%|true|true&#8221; custom_padding_phone=&#8221;15%|5%|15%|5%|true|true&#8221; custom_padding_last_edited=&#8221;on|phone&#8221; positioning_tablet=&#8221;&#8221; positioning_phone=&#8221;none&#8221; positioning_last_edited=&#8221;on|phone&#8221; global_colors_info=&#8221;{}&#8221;][et_pb_post_title meta=&#8221;off&#8221; featured_image=&#8221;off&#8221; _builder_version=&#8221;4.18.0&#8243; _module_preset=&#8221;default&#8221; title_font_size=&#8221;46px&#8221; global_colors_info=&#8221;{}&#8221;][\/et_pb_post_title][et_pb_divider show_divider=&#8221;off&#8221; _builder_version=&#8221;4.18.0&#8243; _module_preset=&#8221;default&#8221; background_color=&#8221;#3C76FC&#8221; width=&#8221;90px&#8221; module_alignment=&#8221;left&#8221; height=&#8221;5px&#8221; custom_margin=&#8221;30px||30px||true|false&#8221; custom_padding=&#8221;||||true|false&#8221; global_colors_info=&#8221;{}&#8221;][\/et_pb_divider][et_pb_blurb title=&#8221;229 279 720&#8243; use_icon=&#8221;on&#8221; font_icon=&#8221;&#xe090;||divi||400&#8243; icon_placement=&#8221;left&#8221; image_icon_width=&#8221;30px&#8221; content_max_width=&#8221;100%&#8221; _builder_version=&#8221;4.18.0&#8243; _module_preset=&#8221;default&#8221; body_text_align=&#8221;justify&#8221; image_icon_custom_margin=&#8221;5px||||false|false&#8221; width=&#8221;100%&#8221; max_width=&#8221;100%&#8221; custom_margin=&#8221;1%||1%||true|true&#8221; custom_padding=&#8221;3%|3%|3%|3%|true|true&#8221; custom_css_blurb_title=&#8221;margin-top: 10px&#8221; border_width_all=&#8221;1px&#8221; border_color_all=&#8221;#D9E5F9&#8243; global_colors_info=&#8221;{}&#8221;][\/et_pb_blurb][et_pb_blurb title=&#8221;geral@mtvd.pt&#8221; use_icon=&#8221;on&#8221; font_icon=&#8221;&#xf0e0;||fa||900&#8243; icon_placement=&#8221;left&#8221; image_icon_width=&#8221;30px&#8221; content_max_width=&#8221;100%&#8221; _builder_version=&#8221;4.18.0&#8243; _module_preset=&#8221;default&#8221; body_text_align=&#8221;justify&#8221; image_icon_custom_margin=&#8221;5px||||false|false&#8221; width=&#8221;100%&#8221; max_width=&#8221;100%&#8221; custom_margin=&#8221;1%||1%||true|true&#8221; custom_padding=&#8221;3%|3%|3%|3%|true|true&#8221; custom_css_blurb_title=&#8221;margin-top: 10px&#8221; border_width_all=&#8221;1px&#8221; border_color_all=&#8221;#D9E5F9&#8243; global_colors_info=&#8221;{}&#8221;][\/et_pb_blurb][et_pb_blurb title=&#8221;4485-920 Mosteir\u00f3&#8221; use_icon=&#8221;on&#8221; font_icon=&#8221;&#xe081;||divi||400&#8243; icon_placement=&#8221;left&#8221; image_icon_width=&#8221;30px&#8221; content_max_width=&#8221;100%&#8221; _builder_version=&#8221;4.18.0&#8243; _module_preset=&#8221;default&#8221; body_text_align=&#8221;justify&#8221; image_icon_custom_margin=&#8221;5px||||false|false&#8221; width=&#8221;100%&#8221; max_width=&#8221;100%&#8221; custom_margin=&#8221;1%||1%||true|true&#8221; custom_padding=&#8221;3%|3%|3%|3%|true|true&#8221; custom_css_blurb_title=&#8221;margin-top: 10px&#8221; border_width_all=&#8221;1px&#8221; border_color_all=&#8221;#D9E5F9&#8243; global_colors_info=&#8221;{}&#8221;][\/et_pb_blurb][\/et_pb_column][\/et_pb_row][\/et_pb_section][et_pb_section fb_built=&#8221;1&#8243; admin_label=&#8221;Servicos&#8221; module_id=&#8221;services&#8221; _builder_version=&#8221;4.18.0&#8243; _module_preset=&#8221;default&#8221; custom_padding=&#8221;0px||0px||true|false&#8221; da_disable_devices=&#8221;off|off|off&#8221; global_colors_info=&#8221;{}&#8221; da_is_popup=&#8221;off&#8221; da_exit_intent=&#8221;off&#8221; da_has_close=&#8221;on&#8221; da_alt_close=&#8221;off&#8221; da_dark_close=&#8221;off&#8221; da_not_modal=&#8221;on&#8221; da_is_singular=&#8221;off&#8221; da_with_loader=&#8221;off&#8221; da_has_shadow=&#8221;on&#8221;][et_pb_row _builder_version=&#8221;4.18.0&#8243; _module_preset=&#8221;default&#8221; custom_padding=&#8221;||0px||false|false&#8221; global_colors_info=&#8221;{}&#8221;][et_pb_column type=&#8221;4_4&#8243; _builder_version=&#8221;4.18.0&#8243; _module_preset=&#8221;default&#8221; global_colors_info=&#8221;{}&#8221;][et_pb_text _builder_version=&#8221;4.18.0&#8243; _module_preset=&#8221;default&#8221; header_2_font_size=&#8221;46px&#8221; text_orientation=&#8221;center&#8221; header_2_text_align_tablet=&#8221;&#8221; header_2_text_align_phone=&#8221;left&#8221; header_2_text_align_last_edited=&#8221;on|phone&#8221; global_colors_info=&#8221;{}&#8221;]<\/p>\n<h2>Send us a message<\/h2>\n<p>[\/et_pb_text][et_pb_divider show_divider=&#8221;off&#8221; admin_label=&#8221;Divider&#8221; _builder_version=&#8221;4.18.0&#8243; _module_preset=&#8221;default&#8221; background_color=&#8221;#3C76FC&#8221; width=&#8221;90px&#8221; module_alignment=&#8221;center&#8221; height=&#8221;5px&#8221; custom_margin=&#8221;30px||30px||true|false&#8221; custom_padding=&#8221;||||true|false&#8221; module_alignment_tablet=&#8221;center&#8221; module_alignment_phone=&#8221;left&#8221; module_alignment_last_edited=&#8221;on|phone&#8221; global_colors_info=&#8221;{}&#8221;][\/et_pb_divider][\/et_pb_column][\/et_pb_row][et_pb_row _builder_version=&#8221;4.18.0&#8243; _module_preset=&#8221;default&#8221; custom_margin_tablet=&#8221;&#8221; custom_margin_phone=&#8221;||60px||false|false&#8221; custom_margin_last_edited=&#8221;on|phone&#8221; global_colors_info=&#8221;{}&#8221;][et_pb_column type=&#8221;4_4&#8243; _builder_version=&#8221;4.18.0&#8243; _module_preset=&#8221;default&#8221; global_colors_info=&#8221;{}&#8221;][dsm_contact_form_7 cf7_library=&#8221;1262&#8243; button_alignment=&#8221;center&#8221; input_background_color=&#8221;RGBA(255,255,255,0)&#8221; _builder_version=&#8221;4.23&#8243; _module_preset=&#8221;default&#8221; input_textarea_select_text_color=&#8221;#000000&#8243; placeholder_text_color=&#8221;#000000&#8243; custom_button_one=&#8221;on&#8221; button_one_text_color=&#8221;#FFFFFF&#8221; button_one_bg_color=&#8221;#000000&#8243; button_one_border_color=&#8221;#000000&#8243; button_one_font=&#8221;|700|||||||&#8221; button_one_use_icon=&#8221;off&#8221; button_one_custom_margin_tablet=&#8221;&#8221; button_one_custom_margin_phone=&#8221;40px||||false|false&#8221; button_one_custom_margin_last_edited=&#8221;on|phone&#8221; button_one_custom_padding=&#8221;10px|30px|10px|30px|true|true&#8221; hover_enabled=&#8221;0&#8243; border_width_bottom_image=&#8221;2px&#8221; global_colors_info=&#8221;{}&#8221; button_one_border_color__hover_enabled=&#8221;on|hover&#8221; button_one_border_color__hover=&#8221;#3C76FC&#8221; button_one_bg_color__hover_enabled=&#8221;on|hover&#8221; button_one_bg_color__hover=&#8221;#3C76FC&#8221; button_one_bg_enable_color__hover=&#8221;on&#8221; button_one_text_color__hover_enabled=&#8221;on|desktop&#8221; button_one_text_color__hover=&#8221;#FFFFFF&#8221; sticky_enabled=&#8221;0&#8243;][\/dsm_contact_form_7][\/et_pb_column][\/et_pb_row][\/et_pb_section]<\/p>\n","protected":false},"excerpt":{"rendered":"<p><div class=\"et_pb_module dsm_embed_google_map dsm_embed_google_map_0\">\n\t\t\t\t\n\t\t\t\t\n\t\t\t\t\n\t\t\t\t\n\t\t\t\t\n\t\t\t\t\n\t\t\t\t<div class=\"et_pb_module_inner\">\n\t\t\t\t\t<iframe frameborder=\"0\" scrolling=\"no\" marginheight=\"0\" marginwidth=\"0\" src=\"https:\/\/maps.google.com\/maps?q=MTVD%20-%20Manuten%C3%A7%C3%A3o%20e%20Tecnologia%20Industrial%2C%20Lda.&amp;t=m&amp;z=12&amp;output=embed&amp;iwloc=near&hl=en_US\" aria-label=\"MTVD - Manuten\u00e7\u00e3o e Tecnologia Industrial, Lda.\"><\/iframe>\n\t\t\t\t<\/div>\n\t\t\t<\/div>Send us a message <div class=\"et_pb_with_border et_pb_module dsm_contact_form_7 dsm_contact_form_7_0\">\n\t\t\t\t\n\t\t\t\t\n\t\t\t\t\n\t\t\t\t\n\t\t\t\t\n\t\t\t\t\n\t\t\t\t<div class=\"et_pb_module_inner\">\n\t\t\t\t\t<div class=\"\">\n\t\t\t\t\n<div class=\"wpcf7 no-js\" id=\"wpcf7-f1262-o1\" lang=\"pt-PT\" dir=\"ltr\">\n<div class=\"screen-reader-response\"><p role=\"status\" aria-live=\"polite\" aria-atomic=\"true\"><\/p> <ul><\/ul><\/div>\n<form action=\"\/en\/wp-json\/wp\/v2\/pages\/961#wpcf7-f1262-o1\" method=\"post\" class=\"wpcf7-form init\" aria-label=\"Formul\u00e1rio de contacto\" novalidate=\"novalidate\" data-status=\"init\">\n<div style=\"display: none;\">\n<input type=\"hidden\" name=\"_wpcf7\" value=\"1262\" \/>\n<input type=\"hidden\" name=\"_wpcf7_version\" value=\"5.9.3\" \/>\n<input type=\"hidden\" name=\"_wpcf7_locale\" value=\"pt_PT\" \/>\n<input type=\"hidden\" name=\"_wpcf7_unit_tag\" value=\"wpcf7-f1262-o1\" \/>\n<input type=\"hidden\" name=\"_wpcf7_container_post\" value=\"0\" \/>\n<input type=\"hidden\" name=\"_wpcf7_posted_data_hash\" value=\"\" \/>\n<\/div>\n<div class=\"one-half\">\n\t<p><span class=\"wpcf7-form-control-wrap\" data-name=\"nome\"><input size=\"40\" class=\"wpcf7-form-control wpcf7-text wpcf7-validates-as-required\" aria-required=\"true\" aria-invalid=\"false\" placeholder=\"Name (required)\" value=\"\" type=\"text\" name=\"nome\" \/><\/span>\n\t<\/p>\n<\/div>\n<div class=\"one-half last\">\n\t<p><span class=\"wpcf7-form-control-wrap\" data-name=\"email\"><input size=\"40\" class=\"wpcf7-form-control wpcf7-email wpcf7-validates-as-required wpcf7-text wpcf7-validates-as-email\" aria-required=\"true\" aria-invalid=\"false\" placeholder=\"E-mail (required)\" value=\"\" type=\"email\" name=\"email\" \/><\/span>\n\t<\/p>\n<\/div>\n<div class=\"one-half\">\n\t<p><span class=\"wpcf7-form-control-wrap\" data-name=\"tel-contactos\"><input size=\"40\" class=\"wpcf7-form-control wpcf7-tel wpcf7-validates-as-required wpcf7-text wpcf7-validates-as-tel\" aria-required=\"true\" aria-invalid=\"false\" placeholder=\"Phone (required)\" value=\"\" type=\"tel\" name=\"tel-contactos\" \/><\/span>\n\t<\/p>\n<\/div>\n<div class=\"one-half last\">\n\t<p><span class=\"wpcf7-form-control-wrap\" data-name=\"assunto\"><input size=\"40\" class=\"wpcf7-form-control wpcf7-text\" aria-invalid=\"false\" placeholder=\"Subject\" value=\"\" type=\"text\" name=\"assunto\" \/><\/span>\n\t<\/p>\n<\/div>\n<div class=\"one-full\">\n\t<p><span class=\"wpcf7-form-control-wrap\" data-name=\"textarea\"><textarea cols=\"40\" rows=\"4\" class=\"wpcf7-form-control wpcf7-textarea\" aria-invalid=\"false\" placeholder=\"Type your message...\" name=\"textarea\"><\/textarea><\/span>\n\t<\/p>\n<\/div>\n<div class=\"one-full consentimento\">\n\t<p><span class=\"wpcf7-form-control-wrap\" data-name=\"rgpd\"><span class=\"wpcf7-form-control wpcf7-acceptance\"><span class=\"wpcf7-list-item\"><label><input type=\"checkbox\" name=\"rgpd\" value=\"1\" class=\"required\" aria-invalid=\"false\" \/><span class=\"wpcf7-list-item-label\">I agree that my data will be collected to process this request. By submitting, I am agreeing with the \n<a href=\"http:\/\/mtvd.pt\/rgpd\/\" target=\"_blank\" style=\" color: #000; font-weight: bold; text-decoration: underline \">Policy Privacy<\/a> and on how my data is collected, stored and processed.<\/span><\/label><\/span><\/span><\/span>\n\t<\/p>\n<\/div>\n<div class=\"one-full\" style=\" text-align: center; display: flex; align-items: center; flex-direction: column; \">\n\t<p><button class=\"wpcf7-form-control wpcf7-submit has-spinner et_pb_button et_pb_bg_layout_light\" type=\"submit\" value=\"Send\">Send<\/button>\n\t<\/p>\n<\/div><div class=\"wpcf7-response-output\" aria-hidden=\"true\"><\/div>\n<\/form>\n<\/div>\n\n\t\t\t<\/div>\n\t\t\t\t<\/div>\n\t\t\t<\/div><\/p>\n","protected":false},"author":1,"featured_media":0,"parent":0,"menu_order":0,"comment_status":"closed","ping_status":"closed","template":"","meta":{"_et_pb_use_builder":"on","_et_pb_old_content":"","_et_gb_content_width":"","_themeisle_gutenberg_block_has_review":false,"footnotes":""},"yoast_head":"<!-- This site is optimized with the Yoast SEO Premium plugin v21.2 (Yoast SEO v22.4) - https:\/\/yoast.com\/wordpress\/plugins\/seo\/ -->\n<title>Contacts &#8212; MTVD<\/title>\n<meta name=\"description\" content=\"Contact us to analyse your Industrial Maintenance needs. We are a benchmark in Portugal.\" \/>\n<meta name=\"robots\" content=\"index, follow, max-snippet:-1, max-image-preview:large, max-video-preview:-1\" \/>\n<link rel=\"canonical\" href=\"https:\/\/mtvd.pt\/en\/contacts\/\" \/>\n<meta property=\"og:locale\" content=\"en_US\" \/>\n<meta property=\"og:type\" content=\"article\" \/>\n<meta property=\"og:title\" content=\"Contacts\" \/>\n<meta property=\"og:description\" content=\"Contact us to analyse your Industrial Maintenance needs. We are a benchmark in Portugal.\" \/>\n<meta property=\"og:url\" content=\"https:\/\/mtvd.pt\/en\/contacts\/\" \/>\n<meta property=\"og:site_name\" content=\"MTVD\" \/>\n<meta property=\"article:publisher\" content=\"https:\/\/www.facebook.com\/mtvdmotorestransformadoresinstalacoeseletricas\" \/>\n<meta property=\"article:modified_time\" content=\"2023-10-30T10:07:34+00:00\" \/>\n<meta name=\"twitter:card\" content=\"summary_large_image\" \/>\n<meta name=\"twitter:label1\" content=\"Est. reading time\" \/>\n\t<meta name=\"twitter:data1\" content=\"2 minutes\" \/>\n<script type=\"application\/ld+json\" class=\"yoast-schema-graph\">{\"@context\":\"https:\/\/schema.org\",\"@graph\":[{\"@type\":\"WebPage\",\"@id\":\"https:\/\/mtvd.pt\/en\/contacts\/\",\"url\":\"https:\/\/mtvd.pt\/en\/contacts\/\",\"name\":\"Contacts &#8212; MTVD\",\"isPartOf\":{\"@id\":\"https:\/\/mtvd.pt\/#website\"},\"datePublished\":\"2022-11-22T16:56:13+00:00\",\"dateModified\":\"2023-10-30T10:07:34+00:00\",\"description\":\"Contact us to analyse your Industrial Maintenance needs. We are a benchmark in Portugal.\",\"breadcrumb\":{\"@id\":\"https:\/\/mtvd.pt\/en\/contacts\/#breadcrumb\"},\"inLanguage\":\"en-US\",\"potentialAction\":[{\"@type\":\"ReadAction\",\"target\":[\"https:\/\/mtvd.pt\/en\/contacts\/\"]}]},{\"@type\":\"BreadcrumbList\",\"@id\":\"https:\/\/mtvd.pt\/en\/contacts\/#breadcrumb\",\"itemListElement\":[{\"@type\":\"ListItem\",\"position\":1,\"name\":\"In\u00edcio\",\"item\":\"https:\/\/mtvd.pt\/en\/home-page\/\"},{\"@type\":\"ListItem\",\"position\":2,\"name\":\"Contacts\"}]},{\"@type\":\"WebSite\",\"@id\":\"https:\/\/mtvd.pt\/#website\",\"url\":\"https:\/\/mtvd.pt\/\",\"name\":\"MTVD - Motores, Transformadores e Instala\u00e7\u00f5es El\u00e9tricas\",\"description\":\"Motores, Transformadores e Instala\u00e7\u00f5es El\u00e9tricas\",\"publisher\":{\"@id\":\"https:\/\/mtvd.pt\/#organization\"},\"potentialAction\":[{\"@type\":\"SearchAction\",\"target\":{\"@type\":\"EntryPoint\",\"urlTemplate\":\"https:\/\/mtvd.pt\/?s={search_term_string}\"},\"query-input\":\"required name=search_term_string\"}],\"inLanguage\":\"en-US\"},{\"@type\":\"Organization\",\"@id\":\"https:\/\/mtvd.pt\/#organization\",\"name\":\"MTVD \u2014 Manuten\u00e7\u00e3o e Tecnologia Industrial\",\"url\":\"https:\/\/mtvd.pt\/\",\"logo\":{\"@type\":\"ImageObject\",\"inLanguage\":\"en-US\",\"@id\":\"https:\/\/mtvd.pt\/#\/schema\/logo\/image\/\",\"url\":\"https:\/\/mtvd.pt\/wp-content\/uploads\/2023\/07\/MTVD-Azul.jpg\",\"contentUrl\":\"https:\/\/mtvd.pt\/wp-content\/uploads\/2023\/07\/MTVD-Azul.jpg\",\"width\":2000,\"height\":2000,\"caption\":\"MTVD \u2014 Manuten\u00e7\u00e3o e Tecnologia Industrial\"},\"image\":{\"@id\":\"https:\/\/mtvd.pt\/#\/schema\/logo\/image\/\"},\"sameAs\":[\"https:\/\/www.facebook.com\/mtvdmotorestransformadoresinstalacoeseletricas\",\"https:\/\/www.linkedin.com\/company\/mtvd-motores-transformadores-e-instalaes-eltricas\",\"https:\/\/www.instagram.com\/mtvdmotorestransformadores\/\"]}]}<\/script>\n<!-- \/ Yoast SEO Premium plugin. -->","yoast_head_json":{"title":"Contacts &#8212; MTVD","description":"Contact us to analyse your Industrial Maintenance needs. We are a benchmark in Portugal.","robots":{"index":"index","follow":"follow","max-snippet":"max-snippet:-1","max-image-preview":"max-image-preview:large","max-video-preview":"max-video-preview:-1"},"canonical":"https:\/\/mtvd.pt\/en\/contacts\/","og_locale":"en_US","og_type":"article","og_title":"Contacts","og_description":"Contact us to analyse your Industrial Maintenance needs. We are a benchmark in Portugal.","og_url":"https:\/\/mtvd.pt\/en\/contacts\/","og_site_name":"MTVD","article_publisher":"https:\/\/www.facebook.com\/mtvdmotorestransformadoresinstalacoeseletricas","article_modified_time":"2023-10-30T10:07:34+00:00","twitter_card":"summary_large_image","twitter_misc":{"Est. reading time":"2 minutes"},"schema":{"@context":"https:\/\/schema.org","@graph":[{"@type":"WebPage","@id":"https:\/\/mtvd.pt\/en\/contacts\/","url":"https:\/\/mtvd.pt\/en\/contacts\/","name":"Contacts &#8212; MTVD","isPartOf":{"@id":"https:\/\/mtvd.pt\/#website"},"datePublished":"2022-11-22T16:56:13+00:00","dateModified":"2023-10-30T10:07:34+00:00","description":"Contact us to analyse your Industrial Maintenance needs. We are a benchmark in Portugal.","breadcrumb":{"@id":"https:\/\/mtvd.pt\/en\/contacts\/#breadcrumb"},"inLanguage":"en-US","potentialAction":[{"@type":"ReadAction","target":["https:\/\/mtvd.pt\/en\/contacts\/"]}]},{"@type":"BreadcrumbList","@id":"https:\/\/mtvd.pt\/en\/contacts\/#breadcrumb","itemListElement":[{"@type":"ListItem","position":1,"name":"In\u00edcio","item":"https:\/\/mtvd.pt\/en\/home-page\/"},{"@type":"ListItem","position":2,"name":"Contacts"}]},{"@type":"WebSite","@id":"https:\/\/mtvd.pt\/#website","url":"https:\/\/mtvd.pt\/","name":"MTVD - Motores, Transformadores e Instala\u00e7\u00f5es El\u00e9tricas","description":"Motores, Transformadores e Instala\u00e7\u00f5es El\u00e9tricas","publisher":{"@id":"https:\/\/mtvd.pt\/#organization"},"potentialAction":[{"@type":"SearchAction","target":{"@type":"EntryPoint","urlTemplate":"https:\/\/mtvd.pt\/?s={search_term_string}"},"query-input":"required name=search_term_string"}],"inLanguage":"en-US"},{"@type":"Organization","@id":"https:\/\/mtvd.pt\/#organization","name":"MTVD \u2014 Manuten\u00e7\u00e3o e Tecnologia Industrial","url":"https:\/\/mtvd.pt\/","logo":{"@type":"ImageObject","inLanguage":"en-US","@id":"https:\/\/mtvd.pt\/#\/schema\/logo\/image\/","url":"https:\/\/mtvd.pt\/wp-content\/uploads\/2023\/07\/MTVD-Azul.jpg","contentUrl":"https:\/\/mtvd.pt\/wp-content\/uploads\/2023\/07\/MTVD-Azul.jpg","width":2000,"height":2000,"caption":"MTVD \u2014 Manuten\u00e7\u00e3o e Tecnologia Industrial"},"image":{"@id":"https:\/\/mtvd.pt\/#\/schema\/logo\/image\/"},"sameAs":["https:\/\/www.facebook.com\/mtvdmotorestransformadoresinstalacoeseletricas","https:\/\/www.linkedin.com\/company\/mtvd-motores-transformadores-e-instalaes-eltricas","https:\/\/www.instagram.com\/mtvdmotorestransformadores\/"]}]}},"_links":{"self":[{"href":"https:\/\/mtvd.pt\/en\/wp-json\/wp\/v2\/pages\/961"}],"collection":[{"href":"https:\/\/mtvd.pt\/en\/wp-json\/wp\/v2\/pages"}],"about":[{"href":"https:\/\/mtvd.pt\/en\/wp-json\/wp\/v2\/types\/page"}],"author":[{"embeddable":true,"href":"https:\/\/mtvd.pt\/en\/wp-json\/wp\/v2\/users\/1"}],"replies":[{"embeddable":true,"href":"https:\/\/mtvd.pt\/en\/wp-json\/wp\/v2\/comments?post=961"}],"version-history":[{"count":12,"href":"https:\/\/mtvd.pt\/en\/wp-json\/wp\/v2\/pages\/961\/revisions"}],"predecessor-version":[{"id":2323,"href":"https:\/\/mtvd.pt\/en\/wp-json\/wp\/v2\/pages\/961\/revisions\/2323"}],"wp:attachment":[{"href":"https:\/\/mtvd.pt\/en\/wp-json\/wp\/v2\/media?parent=961"}],"curies":[{"name":"wp","href":"https:\/\/api.w.org\/{rel}","templated":true}]}}