{"id":960,"date":"2022-11-22T17:49:39","date_gmt":"2022-11-22T17:49:39","guid":{"rendered":"http:\/\/mtvd.pt\/faqs\/"},"modified":"2024-01-15T10:35:43","modified_gmt":"2024-01-15T10:35:43","slug":"faqs","status":"publish","type":"page","link":"https:\/\/mtvd.pt\/en\/faqs\/","title":{"rendered":"FAQs"},"content":{"rendered":"<p>[et_pb_section fb_built=&#8221;1&#8243; _builder_version=&#8221;4.18.0&#8243; _module_preset=&#8221;default&#8221; da_disable_devices=&#8221;off|off|off&#8221; global_colors_info=&#8221;{}&#8221; da_is_popup=&#8221;off&#8221; da_exit_intent=&#8221;off&#8221; da_has_close=&#8221;on&#8221; da_alt_close=&#8221;off&#8221; da_dark_close=&#8221;off&#8221; da_not_modal=&#8221;on&#8221; da_is_singular=&#8221;off&#8221; da_with_loader=&#8221;off&#8221; da_has_shadow=&#8221;on&#8221;][et_pb_row _builder_version=&#8221;4.18.0&#8243; _module_preset=&#8221;default&#8221; locked=&#8221;off&#8221; global_colors_info=&#8221;{}&#8221;][et_pb_column type=&#8221;4_4&#8243; _builder_version=&#8221;4.18.0&#8243; _module_preset=&#8221;default&#8221; global_colors_info=&#8221;{}&#8221;][et_pb_post_title meta=&#8221;off&#8221; featured_image=&#8221;off&#8221; _builder_version=&#8221;4.18.0&#8243; _module_preset=&#8221;default&#8221; title_font_size=&#8221;46px&#8221; text_orientation=&#8221;center&#8221; global_colors_info=&#8221;{}&#8221;][\/et_pb_post_title][et_pb_divider show_divider=&#8221;off&#8221; _builder_version=&#8221;4.18.0&#8243; _module_preset=&#8221;default&#8221; background_color=&#8221;#3C76FC&#8221; width=&#8221;90px&#8221; module_alignment=&#8221;center&#8221; height=&#8221;5px&#8221; global_colors_info=&#8221;{}&#8221;][\/et_pb_divider][\/et_pb_column][\/et_pb_row][et_pb_row use_custom_gutter=&#8221;on&#8221; gutter_width=&#8221;1&#8243; _builder_version=&#8221;4.18.0&#8243; _module_preset=&#8221;default&#8221; custom_padding=&#8221;0px||0px||true|false&#8221; global_colors_info=&#8221;{}&#8221;][et_pb_column type=&#8221;4_4&#8243; _builder_version=&#8221;4.18.0&#8243; _module_preset=&#8221;default&#8221; global_colors_info=&#8221;{}&#8221;][et_pb_accordion open_toggle_text_color=&#8221;#3C76FC&#8221; open_toggle_background_color=&#8221;#FFFFFF&#8221; closed_toggle_text_color=&#8221;#000000&#8243; closed_toggle_background_color=&#8221;#FFFFFF&#8221; toggle_icon=&#8221;&#x50;||divi||400&#8243; icon_color=&#8221;#3C76FC&#8221; use_icon_font_size=&#8221;on&#8221; icon_font_size=&#8221;26px&#8221; _builder_version=&#8221;4.23.4&#8243; _module_preset=&#8221;default&#8221; toggle_level=&#8221;h3&#8243; text_orientation=&#8221;justified&#8221; border_width_all=&#8221;0px&#8221; border_width_bottom=&#8221;1px&#8221; border_color_bottom=&#8221;#D9E5F9&#8243; global_colors_info=&#8221;{}&#8221;][et_pb_accordion_item title=&#8221;1. The transformer in my installation has a strange noise, a resonance and a noise like its &quot;frying&quot;. What should I do?&#8221; open=&#8221;on&#8221; _builder_version=&#8221;4.18.0&#8243; _module_preset=&#8221;default&#8221; global_colors_info=&#8221;{}&#8221;]<\/p>\n<p>Switch off the transformer as soon as possible and call in a qualified organisation to analyse the noise in the transformer and carry out tests.<\/p>\n<p>[\/et_pb_accordion_item][et_pb_accordion_item title=&#8221;2. The transformer has the DGPT float on the bottom. Is there a problem?&#8221; _builder_version=&#8221;4.18.0&#8243; _module_preset=&#8221;default&#8221; global_colors_info=&#8221;{}&#8221; open=&#8221;off&#8221;]<\/p>\n<p>Possible causes:<\/p>\n<p>&#8211; Low oil level;<br \/>&#8211; No vacuum;<br \/>&#8211; Presence of gases inside the transformer due to possible partial discharges or C.C.<\/p>\n<p>.<\/p>\n<p>[\/et_pb_accordion_item][et_pb_accordion_item title=&#8221;3. Do I need to maintain the transformers in my plant? If so, what are the advantages?&#8221; _builder_version=&#8221;4.18.0&#8243; _module_preset=&#8221;default&#8221; global_colors_info=&#8221;{}&#8221; open=&#8221;off&#8221;]<\/p>\n<p>It is advisable to carry out maintenance on any piece of equipment, from cleaning to retightening and electrical testing, in order to guarantee:<\/p>\n<p>&#8211; That the transformer is in compliance;<br \/>&#8211; Early detection of possible problems such as oil leaks, hot spots (pins or wiring), state of condition (insulation resistance).<\/p>\n<p>[\/et_pb_accordion_item][et_pb_accordion_item title=&#8221;4. The transformer has a broken insulator. Is there any risk?&#8221; _builder_version=&#8221;4.18.0&#8243; _module_preset=&#8221;default&#8221; global_colors_info=&#8221;{}&#8221; open=&#8221;off&#8221;]<\/p>\n<p>&#8211; Oil spill;<br \/>&#8211; Electrical discharge.<\/p>\n<p>[\/et_pb_accordion_item][et_pb_accordion_item title=&#8221;5. I&apos;ve detected that the transformer has an oil leak. Is there a problem?&#8221; _builder_version=&#8221;4.18.0&#8243; _module_preset=&#8221;default&#8221; global_colors_info=&#8221;{}&#8221; open=&#8221;off&#8221;]<\/p>\n<p>Yes, if it&#8217;s significant, it requires rapid intervention.<\/p>\n<p>[\/et_pb_accordion_item][et_pb_accordion_item title=&#8221;6. In an inspection, the operator E-Redes indicated that the transformer needs to be upgraded in the workshop. What does that mean?&#8221; _builder_version=&#8221;4.18.0&#8243; _module_preset=&#8221;default&#8221; global_colors_info=&#8221;{}&#8221; open=&#8221;off&#8221;]<\/p>\n<p>This means that the transformer will have to come into the workshop and generally undergo electrical entry tests, descaling, a drying process, replacement of the insulating oil with new oil, replacement of all the seals, final tests and painting.<\/p>\n<p>[\/et_pb_accordion_item][et_pb_accordion_item title=&#8221;7. My company&apos;s engine has burnt out. Can it be repaired?&#8221; _builder_version=&#8221;4.18.0&#8243; _module_preset=&#8221;default&#8221; global_colors_info=&#8221;{}&#8221; open=&#8221;off&#8221;]<\/p>\n<p>In most cases, yes. It can be repaired using the rewinding process.<\/p>\n<p>[\/et_pb_accordion_item][et_pb_accordion_item title=&#8221;8. Do the motors\/generators in the installation need to be serviced at my plant? If so, what are the advantages?&#8221; _builder_version=&#8221;4.18.0&#8243; _module_preset=&#8221;default&#8221; global_colors_info=&#8221;{}&#8221; open=&#8221;off&#8221;]<\/p>\n<p>It is advisable to carry out maintenance on any piece of equipment, from cleaning to retightening and electrical testing, in order to guarantee:<\/p>\n<p>&#8211; Conformity of the motor\/generator;<br \/>&#8211; Early detection of possible problems such as hot spots (pins, wiring or winding), broken components, condition of the motor\/generator insulation resistance.<\/p>\n<p>[\/et_pb_accordion_item][\/et_pb_accordion][\/et_pb_column][\/et_pb_row][\/et_pb_section]<\/p>\n","protected":false},"excerpt":{"rendered":"<p>Switch off the transformer as soon as possible and call in a qualified organisation to analyse the noise in the transformer and carry out tests.Possible causes: &#8211; Low oil level;- No vacuum;- Presence of gases inside the transformer due to possible partial discharges or C.C. .It is advisable to carry out maintenance on any piece [&hellip;]<\/p>\n","protected":false},"author":1,"featured_media":0,"parent":0,"menu_order":0,"comment_status":"closed","ping_status":"closed","template":"","meta":{"_et_pb_use_builder":"on","_et_pb_old_content":"","_et_gb_content_width":"","_themeisle_gutenberg_block_has_review":false,"footnotes":""},"yoast_head":"<!-- This site is optimized with the Yoast SEO Premium plugin v21.2 (Yoast SEO v22.4) - https:\/\/yoast.com\/wordpress\/plugins\/seo\/ -->\n<title>FAQs &#8212; MTVD<\/title>\n<meta name=\"description\" content=\"Common questions, direct answers. Our Frequently Asked Questions (FAQs) section has everything you need to know about MTVD&#039;s industrial maintenance services.\" \/>\n<meta name=\"robots\" content=\"index, follow, max-snippet:-1, max-image-preview:large, max-video-preview:-1\" \/>\n<link rel=\"canonical\" href=\"https:\/\/mtvd.pt\/en\/faqs\/\" \/>\n<meta property=\"og:locale\" content=\"en_US\" \/>\n<meta property=\"og:type\" content=\"article\" \/>\n<meta property=\"og:title\" content=\"FAQs\" \/>\n<meta property=\"og:description\" content=\"Common questions, direct answers. Our Frequently Asked Questions (FAQs) section has everything you need to know about MTVD&#039;s industrial maintenance services.\" \/>\n<meta property=\"og:url\" content=\"https:\/\/mtvd.pt\/en\/faqs\/\" \/>\n<meta property=\"og:site_name\" content=\"MTVD\" \/>\n<meta property=\"article:publisher\" content=\"https:\/\/www.facebook.com\/mtvdmotorestransformadoresinstalacoeseletricas\" \/>\n<meta property=\"article:modified_time\" content=\"2024-01-15T10:35:43+00:00\" \/>\n<meta name=\"twitter:card\" content=\"summary_large_image\" \/>\n<meta name=\"twitter:label1\" content=\"Est. reading time\" \/>\n\t<meta name=\"twitter:data1\" content=\"7 minutes\" \/>\n<script type=\"application\/ld+json\" class=\"yoast-schema-graph\">{\"@context\":\"https:\/\/schema.org\",\"@graph\":[{\"@type\":\"WebPage\",\"@id\":\"https:\/\/mtvd.pt\/en\/faqs\/\",\"url\":\"https:\/\/mtvd.pt\/en\/faqs\/\",\"name\":\"FAQs &#8212; MTVD\",\"isPartOf\":{\"@id\":\"https:\/\/mtvd.pt\/#website\"},\"datePublished\":\"2022-11-22T17:49:39+00:00\",\"dateModified\":\"2024-01-15T10:35:43+00:00\",\"description\":\"Common questions, direct answers. Our Frequently Asked Questions (FAQs) section has everything you need to know about MTVD's industrial maintenance services.\",\"breadcrumb\":{\"@id\":\"https:\/\/mtvd.pt\/en\/faqs\/#breadcrumb\"},\"inLanguage\":\"en-US\",\"potentialAction\":[{\"@type\":\"ReadAction\",\"target\":[\"https:\/\/mtvd.pt\/en\/faqs\/\"]}]},{\"@type\":\"BreadcrumbList\",\"@id\":\"https:\/\/mtvd.pt\/en\/faqs\/#breadcrumb\",\"itemListElement\":[{\"@type\":\"ListItem\",\"position\":1,\"name\":\"In\u00edcio\",\"item\":\"https:\/\/mtvd.pt\/en\/home-page\/\"},{\"@type\":\"ListItem\",\"position\":2,\"name\":\"FAQs\"}]},{\"@type\":\"WebSite\",\"@id\":\"https:\/\/mtvd.pt\/#website\",\"url\":\"https:\/\/mtvd.pt\/\",\"name\":\"MTVD - Motores, Transformadores e Instala\u00e7\u00f5es El\u00e9tricas\",\"description\":\"Motores, Transformadores e Instala\u00e7\u00f5es El\u00e9tricas\",\"publisher\":{\"@id\":\"https:\/\/mtvd.pt\/#organization\"},\"potentialAction\":[{\"@type\":\"SearchAction\",\"target\":{\"@type\":\"EntryPoint\",\"urlTemplate\":\"https:\/\/mtvd.pt\/?s={search_term_string}\"},\"query-input\":\"required name=search_term_string\"}],\"inLanguage\":\"en-US\"},{\"@type\":\"Organization\",\"@id\":\"https:\/\/mtvd.pt\/#organization\",\"name\":\"MTVD \u2014 Manuten\u00e7\u00e3o e Tecnologia Industrial\",\"url\":\"https:\/\/mtvd.pt\/\",\"logo\":{\"@type\":\"ImageObject\",\"inLanguage\":\"en-US\",\"@id\":\"https:\/\/mtvd.pt\/#\/schema\/logo\/image\/\",\"url\":\"https:\/\/mtvd.pt\/wp-content\/uploads\/2023\/07\/MTVD-Azul.jpg\",\"contentUrl\":\"https:\/\/mtvd.pt\/wp-content\/uploads\/2023\/07\/MTVD-Azul.jpg\",\"width\":2000,\"height\":2000,\"caption\":\"MTVD \u2014 Manuten\u00e7\u00e3o e Tecnologia Industrial\"},\"image\":{\"@id\":\"https:\/\/mtvd.pt\/#\/schema\/logo\/image\/\"},\"sameAs\":[\"https:\/\/www.facebook.com\/mtvdmotorestransformadoresinstalacoeseletricas\",\"https:\/\/www.linkedin.com\/company\/mtvd-motores-transformadores-e-instalaes-eltricas\",\"https:\/\/www.instagram.com\/mtvdmotorestransformadores\/\"]}]}<\/script>\n<!-- \/ Yoast SEO Premium plugin. -->","yoast_head_json":{"title":"FAQs &#8212; MTVD","description":"Common questions, direct answers. Our Frequently Asked Questions (FAQs) section has everything you need to know about MTVD's industrial maintenance services.","robots":{"index":"index","follow":"follow","max-snippet":"max-snippet:-1","max-image-preview":"max-image-preview:large","max-video-preview":"max-video-preview:-1"},"canonical":"https:\/\/mtvd.pt\/en\/faqs\/","og_locale":"en_US","og_type":"article","og_title":"FAQs","og_description":"Common questions, direct answers. Our Frequently Asked Questions (FAQs) section has everything you need to know about MTVD's industrial maintenance services.","og_url":"https:\/\/mtvd.pt\/en\/faqs\/","og_site_name":"MTVD","article_publisher":"https:\/\/www.facebook.com\/mtvdmotorestransformadoresinstalacoeseletricas","article_modified_time":"2024-01-15T10:35:43+00:00","twitter_card":"summary_large_image","twitter_misc":{"Est. reading time":"7 minutes"},"schema":{"@context":"https:\/\/schema.org","@graph":[{"@type":"WebPage","@id":"https:\/\/mtvd.pt\/en\/faqs\/","url":"https:\/\/mtvd.pt\/en\/faqs\/","name":"FAQs &#8212; MTVD","isPartOf":{"@id":"https:\/\/mtvd.pt\/#website"},"datePublished":"2022-11-22T17:49:39+00:00","dateModified":"2024-01-15T10:35:43+00:00","description":"Common questions, direct answers. Our Frequently Asked Questions (FAQs) section has everything you need to know about MTVD's industrial maintenance services.","breadcrumb":{"@id":"https:\/\/mtvd.pt\/en\/faqs\/#breadcrumb"},"inLanguage":"en-US","potentialAction":[{"@type":"ReadAction","target":["https:\/\/mtvd.pt\/en\/faqs\/"]}]},{"@type":"BreadcrumbList","@id":"https:\/\/mtvd.pt\/en\/faqs\/#breadcrumb","itemListElement":[{"@type":"ListItem","position":1,"name":"In\u00edcio","item":"https:\/\/mtvd.pt\/en\/home-page\/"},{"@type":"ListItem","position":2,"name":"FAQs"}]},{"@type":"WebSite","@id":"https:\/\/mtvd.pt\/#website","url":"https:\/\/mtvd.pt\/","name":"MTVD - Motores, Transformadores e Instala\u00e7\u00f5es El\u00e9tricas","description":"Motores, Transformadores e Instala\u00e7\u00f5es El\u00e9tricas","publisher":{"@id":"https:\/\/mtvd.pt\/#organization"},"potentialAction":[{"@type":"SearchAction","target":{"@type":"EntryPoint","urlTemplate":"https:\/\/mtvd.pt\/?s={search_term_string}"},"query-input":"required name=search_term_string"}],"inLanguage":"en-US"},{"@type":"Organization","@id":"https:\/\/mtvd.pt\/#organization","name":"MTVD \u2014 Manuten\u00e7\u00e3o e Tecnologia Industrial","url":"https:\/\/mtvd.pt\/","logo":{"@type":"ImageObject","inLanguage":"en-US","@id":"https:\/\/mtvd.pt\/#\/schema\/logo\/image\/","url":"https:\/\/mtvd.pt\/wp-content\/uploads\/2023\/07\/MTVD-Azul.jpg","contentUrl":"https:\/\/mtvd.pt\/wp-content\/uploads\/2023\/07\/MTVD-Azul.jpg","width":2000,"height":2000,"caption":"MTVD \u2014 Manuten\u00e7\u00e3o e Tecnologia Industrial"},"image":{"@id":"https:\/\/mtvd.pt\/#\/schema\/logo\/image\/"},"sameAs":["https:\/\/www.facebook.com\/mtvdmotorestransformadoresinstalacoeseletricas","https:\/\/www.linkedin.com\/company\/mtvd-motores-transformadores-e-instalaes-eltricas","https:\/\/www.instagram.com\/mtvdmotorestransformadores\/"]}]}},"_links":{"self":[{"href":"https:\/\/mtvd.pt\/en\/wp-json\/wp\/v2\/pages\/960"}],"collection":[{"href":"https:\/\/mtvd.pt\/en\/wp-json\/wp\/v2\/pages"}],"about":[{"href":"https:\/\/mtvd.pt\/en\/wp-json\/wp\/v2\/types\/page"}],"author":[{"embeddable":true,"href":"https:\/\/mtvd.pt\/en\/wp-json\/wp\/v2\/users\/1"}],"replies":[{"embeddable":true,"href":"https:\/\/mtvd.pt\/en\/wp-json\/wp\/v2\/comments?post=960"}],"version-history":[{"count":36,"href":"https:\/\/mtvd.pt\/en\/wp-json\/wp\/v2\/pages\/960\/revisions"}],"predecessor-version":[{"id":2563,"href":"https:\/\/mtvd.pt\/en\/wp-json\/wp\/v2\/pages\/960\/revisions\/2563"}],"wp:attachment":[{"href":"https:\/\/mtvd.pt\/en\/wp-json\/wp\/v2\/media?parent=960"}],"curies":[{"name":"wp","href":"https:\/\/api.w.org\/{rel}","templated":true}]}}